{"id":14,"date":"2018-02-07T23:09:58","date_gmt":"2018-02-07T20:09:58","guid":{"rendered":"https:\/\/procore.md\/?page_id=14"},"modified":"2022-08-30T23:43:47","modified_gmt":"2022-08-30T20:43:47","slug":"contacte","status":"publish","type":"page","link":"https:\/\/procore.md\/en\/contacte\/","title":{"rendered":"Contacts"},"content":{"rendered":"<p><strong>Date bancare:<\/strong><\/p>\n<p>Asocia\u0163ia Ob\u015fteasc\u0103 (AO) &#8220;Pro Cooperare Regional\u0103&#8221;<\/p>\n<p>mun. B\u0103l\u0163i, str. Mircea cel Batrin 81, of. 52<\/p>\n<p>c\/f: 1010620004534<\/p>\n<p>c\/d: 2224710SV61195117100<\/p>\n<p>IBAN: MD98MO2224ASV61195117100<\/p>\n<p>c\/b: MOBBMD22<\/p>\n<p>B.C. Mobiasbanca S.A.<\/p>\n","protected":false},"excerpt":{"rendered":"<p>Date bancare: Asocia\u0163ia Ob\u015fteasc\u0103 (AO) &#8220;Pro Cooperare Regional\u0103&#8221; mun. B\u0103l\u0163i, str. Mircea cel Batrin 81, of. 52 c\/f: 1010620004534 c\/d: 2224710SV61195117100 IBAN: MD98MO2224ASV61195117100 c\/b: MOBBMD22 B.C. Mobiasbanca S.A.<\/p>\n","protected":false},"author":3,"featured_media":0,"parent":0,"menu_order":0,"comment_status":"closed","ping_status":"closed","template":"template-contacts.php","meta":{"om_disable_all_campaigns":false,"inline_featured_image":false,"_monsterinsights_skip_tracking":false,"_monsterinsights_sitenote_active":false,"_monsterinsights_sitenote_note":"","_monsterinsights_sitenote_category":0,"footnotes":""},"class_list":["post-14","page","type-page","status-publish","hentry"],"_links":{"self":[{"href":"https:\/\/procore.md\/en\/wp-json\/wp\/v2\/pages\/14","targetHints":{"allow":["GET"]}}],"collection":[{"href":"https:\/\/procore.md\/en\/wp-json\/wp\/v2\/pages"}],"about":[{"href":"https:\/\/procore.md\/en\/wp-json\/wp\/v2\/types\/page"}],"author":[{"embeddable":true,"href":"https:\/\/procore.md\/en\/wp-json\/wp\/v2\/users\/3"}],"replies":[{"embeddable":true,"href":"https:\/\/procore.md\/en\/wp-json\/wp\/v2\/comments?post=14"}],"version-history":[{"count":11,"href":"https:\/\/procore.md\/en\/wp-json\/wp\/v2\/pages\/14\/revisions"}],"predecessor-version":[{"id":2088,"href":"https:\/\/procore.md\/en\/wp-json\/wp\/v2\/pages\/14\/revisions\/2088"}],"wp:attachment":[{"href":"https:\/\/procore.md\/en\/wp-json\/wp\/v2\/media?parent=14"}],"curies":[{"name":"wp","href":"https:\/\/api.w.org\/{rel}","templated":true}]}}